{"id":16079,"date":"2024-08-05T17:18:28","date_gmt":"2024-08-05T15:18:28","guid":{"rendered":"https:\/\/banquerichelieu.com\/personal-data-protection-charter"},"modified":"2025-11-26T15:19:37","modified_gmt":"2025-11-26T14:19:37","slug":"personal-data-protection-charter","status":"publish","type":"page","link":"https:\/\/banquerichelieu.com\/en\/personal-data-protection-charter","title":{"rendered":"Personal data protection charter"},"content":{"rendered":"\t\t<div data-elementor-type=\"wp-page\" data-elementor-id=\"16079\" class=\"elementor elementor-16079 elementor-15759\" data-elementor-post-type=\"page\">\n\t\t\t\t\t\t<section data-particle_enable=\"false\" data-particle-mobile-disabled=\"false\" class=\"elementor-section elementor-top-section elementor-element elementor-element-e1a6b21 elementor-section-full_width elementor-section-height-default elementor-section-height-default parallax_section_no qode_elementor_container_no qode-content-aligment-left\" data-id=\"e1a6b21\" data-element_type=\"section\" data-e-type=\"section\" data-settings=\"{&quot;background_background&quot;:&quot;classic&quot;}\">\n\t\t\t\t\t\t<div class=\"elementor-container elementor-column-gap-default\">\n\t\t\t\t\t<div class=\"elementor-column elementor-col-100 elementor-top-column elementor-element elementor-element-ce593e5\" data-id=\"ce593e5\" data-element_type=\"column\" data-e-type=\"column\" data-settings=\"{&quot;background_background&quot;:&quot;classic&quot;}\">\n\t\t\t<div class=\"elementor-widget-wrap elementor-element-populated\">\n\t\t\t\t\t\t<div class=\"elementor-element elementor-element-73f6c07 elementor-widget elementor-widget-spacer\" data-id=\"73f6c07\" data-element_type=\"widget\" data-e-type=\"widget\" data-widget_type=\"spacer.default\">\n\t\t\t\t<div class=\"elementor-widget-container\">\n\t\t\t\t\t\t\t<div class=\"elementor-spacer\">\n\t\t\t<div class=\"elementor-spacer-inner\"><\/div>\n\t\t<\/div>\n\t\t\t\t\t\t<\/div>\n\t\t\t\t<\/div>\n\t\t\t\t<div class=\"elementor-element elementor-element-42f0c5b elementor-widget elementor-widget-spacer\" data-id=\"42f0c5b\" data-element_type=\"widget\" data-e-type=\"widget\" data-widget_type=\"spacer.default\">\n\t\t\t\t<div class=\"elementor-widget-container\">\n\t\t\t\t\t\t\t<div class=\"elementor-spacer\">\n\t\t\t<div class=\"elementor-spacer-inner\"><\/div>\n\t\t<\/div>\n\t\t\t\t\t\t<\/div>\n\t\t\t\t<\/div>\n\t\t\t\t\t<\/div>\n\t\t<\/div>\n\t\t\t\t\t<\/div>\n\t\t<\/section>\n\t\t\t\t<section data-particle_enable=\"false\" data-particle-mobile-disabled=\"false\" class=\"elementor-section elementor-top-section elementor-element elementor-element-0a8f869 elementor-section-boxed elementor-section-height-default elementor-section-height-default parallax_section_no qode_elementor_container_no qode-content-aligment-left\" data-id=\"0a8f869\" data-element_type=\"section\" data-e-type=\"section\" data-settings=\"{&quot;background_background&quot;:&quot;classic&quot;}\">\n\t\t\t\t\t\t<div class=\"elementor-container elementor-column-gap-default\">\n\t\t\t\t\t<div class=\"elementor-column elementor-col-100 elementor-top-column elementor-element elementor-element-7def4b0\" data-id=\"7def4b0\" data-element_type=\"column\" data-e-type=\"column\">\n\t\t\t<div class=\"elementor-widget-wrap elementor-element-populated\">\n\t\t\t\t\t\t<div class=\"elementor-element elementor-element-6c236f9 elementor-widget elementor-widget-spacer\" data-id=\"6c236f9\" data-element_type=\"widget\" data-e-type=\"widget\" data-widget_type=\"spacer.default\">\n\t\t\t\t<div class=\"elementor-widget-container\">\n\t\t\t\t\t\t\t<div class=\"elementor-spacer\">\n\t\t\t<div class=\"elementor-spacer-inner\"><\/div>\n\t\t<\/div>\n\t\t\t\t\t\t<\/div>\n\t\t\t\t<\/div>\n\t\t\t\t<div class=\"elementor-element elementor-element-204e3b2 elementor-widget elementor-widget-heading\" data-id=\"204e3b2\" data-element_type=\"widget\" data-e-type=\"widget\" data-widget_type=\"heading.default\">\n\t\t\t\t<div class=\"elementor-widget-container\">\n\t\t\t\t\t<h2 class=\"elementor-heading-title elementor-size-default\">GROUP BANQUE RICHELIEU<\/h2>\t\t\t\t<\/div>\n\t\t\t\t<\/div>\n\t\t\t\t<div class=\"elementor-element elementor-element-fa40f99 elementor-widget elementor-widget-heading\" data-id=\"fa40f99\" data-element_type=\"widget\" data-e-type=\"widget\" data-widget_type=\"heading.default\">\n\t\t\t\t<div class=\"elementor-widget-container\">\n\t\t\t\t\t<h1 class=\"elementor-heading-title elementor-size-default\">Personal data protection charter<\/h1>\t\t\t\t<\/div>\n\t\t\t\t<\/div>\n\t\t\t\t<div class=\"elementor-element elementor-element-67ba2fb elementor-widget__width-initial elementor-widget-divider--view-line elementor-invisible elementor-widget elementor-widget-divider\" data-id=\"67ba2fb\" data-element_type=\"widget\" data-e-type=\"widget\" data-settings=\"{&quot;_animation&quot;:&quot;slideInUp&quot;}\" data-widget_type=\"divider.default\">\n\t\t\t\t<div class=\"elementor-widget-container\">\n\t\t\t\t\t\t\t<div class=\"elementor-divider\">\n\t\t\t<span class=\"elementor-divider-separator\">\n\t\t\t\t\t\t<\/span>\n\t\t<\/div>\n\t\t\t\t\t\t<\/div>\n\t\t\t\t<\/div>\n\t\t\t\t\t<\/div>\n\t\t<\/div>\n\t\t\t\t\t<\/div>\n\t\t<\/section>\n\t\t\t\t<section data-particle_enable=\"false\" data-particle-mobile-disabled=\"false\" class=\"elementor-section elementor-top-section elementor-element elementor-element-37931a7 elementor-section-boxed elementor-section-height-default elementor-section-height-default parallax_section_no qode_elementor_container_no qode-content-aligment-left\" data-id=\"37931a7\" data-element_type=\"section\" data-e-type=\"section\">\n\t\t\t\t\t\t<div class=\"elementor-container elementor-column-gap-default\">\n\t\t\t\t\t<div class=\"elementor-column elementor-col-100 elementor-top-column elementor-element elementor-element-98d51e5\" data-id=\"98d51e5\" data-element_type=\"column\" data-e-type=\"column\">\n\t\t\t<div class=\"elementor-widget-wrap elementor-element-populated\">\n\t\t\t\t\t\t<div class=\"elementor-element elementor-element-4abf2a8 elementor-widget elementor-widget-spacer\" data-id=\"4abf2a8\" data-element_type=\"widget\" data-e-type=\"widget\" data-widget_type=\"spacer.default\">\n\t\t\t\t<div class=\"elementor-widget-container\">\n\t\t\t\t\t\t\t<div class=\"elementor-spacer\">\n\t\t\t<div class=\"elementor-spacer-inner\"><\/div>\n\t\t<\/div>\n\t\t\t\t\t\t<\/div>\n\t\t\t\t<\/div>\n\t\t\t\t\t<\/div>\n\t\t<\/div>\n\t\t\t\t\t<\/div>\n\t\t<\/section>\n\t\t\t\t<section data-particle_enable=\"false\" data-particle-mobile-disabled=\"false\" class=\"elementor-section elementor-top-section elementor-element elementor-element-3380754 elementor-section-boxed elementor-section-height-default elementor-section-height-default parallax_section_no qode_elementor_container_no qode-content-aligment-left\" data-id=\"3380754\" data-element_type=\"section\" data-e-type=\"section\">\n\t\t\t\t\t\t<div class=\"elementor-container elementor-column-gap-default\">\n\t\t\t\t\t<div class=\"elementor-column elementor-col-100 elementor-top-column elementor-element elementor-element-34c45e6\" data-id=\"34c45e6\" data-element_type=\"column\" data-e-type=\"column\">\n\t\t\t<div class=\"elementor-widget-wrap elementor-element-populated\">\n\t\t\t\t\t\t<div class=\"elementor-element elementor-element-9919a1f elementor-widget elementor-widget-text-editor\" data-id=\"9919a1f\" data-element_type=\"widget\" data-e-type=\"widget\" data-widget_type=\"text-editor.default\">\n\t\t\t\t<div class=\"elementor-widget-container\">\n\t\t\t\t\t\t\t\t\t<p><strong>  Please read carefully the privacy policy of Group Banque Richelieu.<\/strong><\/p>\t\t\t\t\t\t\t\t<\/div>\n\t\t\t\t<\/div>\n\t\t\t\t\t<\/div>\n\t\t<\/div>\n\t\t\t\t\t<\/div>\n\t\t<\/section>\n\t\t\t\t<section data-particle_enable=\"false\" data-particle-mobile-disabled=\"false\" class=\"elementor-section elementor-top-section elementor-element elementor-element-7834553 elementor-section-boxed elementor-section-height-default elementor-section-height-default parallax_section_no qode_elementor_container_no qode-content-aligment-left\" data-id=\"7834553\" data-element_type=\"section\" data-e-type=\"section\">\n\t\t\t\t\t\t<div class=\"elementor-container elementor-column-gap-default\">\n\t\t\t\t\t<div class=\"elementor-column elementor-col-100 elementor-top-column elementor-element elementor-element-783f476\" data-id=\"783f476\" data-element_type=\"column\" data-e-type=\"column\">\n\t\t\t<div class=\"elementor-widget-wrap elementor-element-populated\">\n\t\t\t\t\t\t<div class=\"elementor-element elementor-element-1f7351c elementor-widget__width-initial elementor-widget elementor-widget-heading\" data-id=\"1f7351c\" data-element_type=\"widget\" data-e-type=\"widget\" data-widget_type=\"heading.default\">\n\t\t\t\t<div class=\"elementor-widget-container\">\n\t\t\t\t\t<h2 class=\"elementor-heading-title elementor-size-default\">Introduction  <\/h2>\t\t\t\t<\/div>\n\t\t\t\t<\/div>\n\t\t\t\t\t<\/div>\n\t\t<\/div>\n\t\t\t\t\t<\/div>\n\t\t<\/section>\n\t\t\t\t<section data-particle_enable=\"false\" data-particle-mobile-disabled=\"false\" class=\"elementor-section elementor-top-section elementor-element elementor-element-4489377 elementor-section-boxed elementor-section-height-default elementor-section-height-default parallax_section_no qode_elementor_container_no qode-content-aligment-left\" data-id=\"4489377\" data-element_type=\"section\" data-e-type=\"section\">\n\t\t\t\t\t\t<div class=\"elementor-container elementor-column-gap-default\">\n\t\t\t\t\t<div class=\"elementor-column elementor-col-100 elementor-top-column elementor-element elementor-element-a5db41c\" data-id=\"a5db41c\" data-element_type=\"column\" data-e-type=\"column\">\n\t\t\t<div class=\"elementor-widget-wrap elementor-element-populated\">\n\t\t\t\t\t\t<div class=\"elementor-element elementor-element-b9e7dbe elementor-widget elementor-widget-text-editor\" data-id=\"b9e7dbe\" data-element_type=\"widget\" data-e-type=\"widget\" data-widget_type=\"text-editor.default\">\n\t\t\t\t<div class=\"elementor-widget-container\">\n\t\t\t\t\t\t\t\t\t<p>The Group Banque Richelieu attaches the utmost importance to the protection of your personal data (hereinafter referred to as &#8220;personal data&#8221; or &#8220;data&#8221;).&nbsp;<\/p>\n<p>Your data will be processed in accordance with current legislation on the protection of personal data and in particular with European Regulation No. 679\/2016 on the protection of individuals with regard to the processing of personal data (&#8220;RGPD&#8221;), Law No. 78-17 of January 6, 1978, in its current version, relating to data processing, files and freedoms and\/or, where applicable, in accordance with Monegasque Law No. 1.165 of December 23, 1993 (hereinafter the &#8220;Regulations&#8221;).&nbsp;<\/p>\n<p>These regulations apply to personal data that can directly or indirectly identify an individual.&nbsp;<\/p>\n<p>Each of the Group Banque Richelieu establishments has adopted a Personal Data Protection Charter, the links to which can be found below. The purpose of these Charters is to inform you about the way in which the Group Banque Richelieu establishments collect, use, process and transmit your personal data when you use our Services, our Sites and our mobile application. &nbsp;<br><br><\/p>\n<p><strong>Banque Richelieu France&nbsp;<\/strong><\/p>\n<ul>\n<li>Head office: 1-3-5, rue Paul C\u00e9zanne &#8211; 75008 Paris&nbsp;<\/li>\n<li>Website: www.banquerichelieufrance.com&nbsp;<\/li>\n<li>Personal data protection charter: <a href=\"http:\/\/banquerichelieufrance.com\/charte-de-protection-des-donnees-personnelles\/\" target=\"_blank\" rel=\"noopener\">HERE<\/a>&nbsp;<\/li>\n<\/ul>\n<p><strong><br>Banque Richelieu Monaco&nbsp;<\/strong><\/p>\n<ul>\n<li>Registered office: 8, avenue de Grande-Bretagne &#8211; 98000 Monaco&nbsp;<\/li>\n<li>Website: www.banquerichelieumonaco.com&nbsp;<\/li>\n<li>Personal data protection charter: <a href=\"http:\/\/banquerichelieumonaco.com\/charte-de-protection-des-donnees-personnelles\/\" target=\"_blank\" rel=\"noopener\">HERE<\/a>&nbsp;<\/li>\n<\/ul>\n<p><strong><br>Richelieu Invest&nbsp;<\/strong><\/p>\n<ul>\n<li>Head office: 1-3-5, rue Paul C\u00e9zanne &#8211; 75008 Paris&nbsp;<\/li>\n<li>Website: www.richelieuinvest.com&nbsp;<\/li>\n<li>Personal data protection charter: <a href=\"http:\/\/richelieugestion.com\/charte-de-protection-des-donnees-personnelles\/\" target=\"_blank\" rel=\"noopener\">HERE <\/a><\/li>\n<\/ul>\t\t\t\t\t\t\t\t<\/div>\n\t\t\t\t<\/div>\n\t\t\t\t\t<\/div>\n\t\t<\/div>\n\t\t\t\t\t<\/div>\n\t\t<\/section>\n\t\t\t\t<section data-particle_enable=\"false\" data-particle-mobile-disabled=\"false\" class=\"elementor-section elementor-top-section elementor-element elementor-element-e85e13d elementor-section-boxed elementor-section-height-default elementor-section-height-default parallax_section_no qode_elementor_container_no qode-content-aligment-left\" data-id=\"e85e13d\" data-element_type=\"section\" data-e-type=\"section\">\n\t\t\t\t\t\t<div class=\"elementor-container elementor-column-gap-default\">\n\t\t\t\t\t<div class=\"elementor-column elementor-col-100 elementor-top-column elementor-element elementor-element-9397964\" data-id=\"9397964\" data-element_type=\"column\" data-e-type=\"column\">\n\t\t\t<div class=\"elementor-widget-wrap elementor-element-populated\">\n\t\t\t\t\t\t<div class=\"elementor-element elementor-element-c2ea63d elementor-widget__width-initial elementor-widget elementor-widget-heading\" data-id=\"c2ea63d\" data-element_type=\"widget\" data-e-type=\"widget\" data-widget_type=\"heading.default\">\n\t\t\t\t<div class=\"elementor-widget-container\">\n\t\t\t\t\t<h2 class=\"elementor-heading-title elementor-size-default\">What are your rights?  <\/h2>\t\t\t\t<\/div>\n\t\t\t\t<\/div>\n\t\t\t\t\t<\/div>\n\t\t<\/div>\n\t\t\t\t\t<\/div>\n\t\t<\/section>\n\t\t\t\t<section data-particle_enable=\"false\" data-particle-mobile-disabled=\"false\" class=\"elementor-section elementor-top-section elementor-element elementor-element-aa78c8c elementor-section-boxed elementor-section-height-default elementor-section-height-default parallax_section_no qode_elementor_container_no qode-content-aligment-left\" data-id=\"aa78c8c\" data-element_type=\"section\" data-e-type=\"section\">\n\t\t\t\t\t\t<div class=\"elementor-container elementor-column-gap-default\">\n\t\t\t\t\t<div class=\"elementor-column elementor-col-100 elementor-top-column elementor-element elementor-element-7d77497\" data-id=\"7d77497\" data-element_type=\"column\" data-e-type=\"column\">\n\t\t\t<div class=\"elementor-widget-wrap elementor-element-populated\">\n\t\t\t\t\t\t<div class=\"elementor-element elementor-element-2963bad elementor-widget elementor-widget-text-editor\" data-id=\"2963bad\" data-element_type=\"widget\" data-e-type=\"widget\" data-widget_type=\"text-editor.default\">\n\t\t\t\t<div class=\"elementor-widget-container\">\n\t\t\t\t\t\t\t\t\t<h4><span style=\"color: #000000; font-size: 15px; font-weight: 400; letter-spacing: 0px; text-transform: none; background-color: #ffffff;\">In accordance with legal and regulatory provisions, you may exercise the following rights at reasonable intervals, free of charge:  <\/span><\/h4><ul><li>Right to access and receive your personal data:  <\/li><li>Right to obtain rectification of your personal data :  <\/li><li>Right to obtain the deletion of your personal data :  <\/li><li>Right to limit the processing of your personal data :  <\/li><li>Right to object to the processing of your personal data :  <\/li><li>Right to withdraw your consent to the processing of your personal data :  <\/li><li>Right to the portability of your personal data<\/li><\/ul><p>The exercise of the aforementioned rights may be exercised by contacting the Group Banque Richelieu data protection officer at the following address:<\/p><p>&#8220;Group Banque Richelieu, D\u00e9l\u00e9gu\u00e9 \u00e0 la protection des donn\u00e9es (DPD) &#8211; 1-3-5, rue Paul C\u00e9zanne &#8211; 75008 Paris&#8221; or by e-mail to the following address:  <\/p><p> <\/p><p><strong>Banque Richelieu France <\/strong><br><a href=\"mailto:protectiondesdonnees@banquerichelieu.com\">protectiondesdonnees@banquerichelieu.com<\/a> <\/p><p> <\/p><p><strong>Richelieu Invest <\/strong><br><a href=\"mailto:protectiondesdonnees.rg@richelieugestion.com\">protectiondesdonnees.rg@richelieuinvest.com <\/a> <\/p><p> <\/p><p><strong>Banque Richelieu Monaco <\/strong><br><a href=\"mailto:protectiondesdonnees.rm@banquerichelieu.com\">protectiondesdonnees.rm@banquerichelieu.com <\/a> <\/p><p> <\/p><p>Group Banque Richelieu undertakes to respond within the time limits stipulated by regulations.  <\/p><p>In the event of a dispute, the user may contact the Commission Nationale de l&#8217;Informatique et des Libert\u00e9s (CNIL). To contact the CNIL, send a letter to the attention of the Chairman of the CNIL, Commission nationale de l&#8217;informatique et des libert\u00e9s &#8211; 3, Place de Fontenoy &#8211; TSA 20715 &#8211; 75334 PARIS CEDEX 07.   <\/p>\t\t\t\t\t\t\t\t<\/div>\n\t\t\t\t<\/div>\n\t\t\t\t\t<\/div>\n\t\t<\/div>\n\t\t\t\t\t<\/div>\n\t\t<\/section>\n\t\t\t\t<section data-particle_enable=\"false\" data-particle-mobile-disabled=\"false\" class=\"elementor-section elementor-top-section elementor-element elementor-element-7fa7536 elementor-section-boxed elementor-section-height-default elementor-section-height-default parallax_section_no qode_elementor_container_no qode-content-aligment-left\" data-id=\"7fa7536\" data-element_type=\"section\" data-e-type=\"section\">\n\t\t\t\t\t\t<div class=\"elementor-container elementor-column-gap-default\">\n\t\t\t\t\t<div class=\"elementor-column elementor-col-100 elementor-top-column elementor-element elementor-element-59cb9dc\" data-id=\"59cb9dc\" data-element_type=\"column\" data-e-type=\"column\">\n\t\t\t<div class=\"elementor-widget-wrap elementor-element-populated\">\n\t\t\t\t\t\t<div class=\"elementor-element elementor-element-a26d7c9 elementor-widget__width-initial elementor-widget elementor-widget-heading\" data-id=\"a26d7c9\" data-element_type=\"widget\" data-e-type=\"widget\" data-widget_type=\"heading.default\">\n\t\t\t\t<div class=\"elementor-widget-container\">\n\t\t\t\t\t<h2 class=\"elementor-heading-title elementor-size-default\">Cookies - Collection of personal data by automated means  <\/h2>\t\t\t\t<\/div>\n\t\t\t\t<\/div>\n\t\t\t\t\t<\/div>\n\t\t<\/div>\n\t\t\t\t\t<\/div>\n\t\t<\/section>\n\t\t\t\t<section data-particle_enable=\"false\" data-particle-mobile-disabled=\"false\" class=\"elementor-section elementor-top-section elementor-element elementor-element-6e98606 elementor-section-boxed elementor-section-height-default elementor-section-height-default parallax_section_no qode_elementor_container_no qode-content-aligment-left\" data-id=\"6e98606\" data-element_type=\"section\" data-e-type=\"section\">\n\t\t\t\t\t\t<div class=\"elementor-container elementor-column-gap-default\">\n\t\t\t\t\t<div class=\"elementor-column elementor-col-100 elementor-top-column elementor-element elementor-element-dcecc10\" data-id=\"dcecc10\" data-element_type=\"column\" data-e-type=\"column\">\n\t\t\t<div class=\"elementor-widget-wrap elementor-element-populated\">\n\t\t\t\t\t\t<div class=\"elementor-element elementor-element-980249b elementor-widget elementor-widget-text-editor\" data-id=\"980249b\" data-element_type=\"widget\" data-e-type=\"widget\" data-widget_type=\"text-editor.default\">\n\t\t\t\t<div class=\"elementor-widget-container\">\n\t\t\t\t\t\t\t\t\t<p>Cookies or other identifiers are identifiers deposited and read, for example, when consulting a website, reading an e-mail, installing or using software or a mobile application, regardless of the type of terminal used. You are informed that when you visit one of our sites, cookies and tracers may be installed on your terminal equipment. Where necessary, we obtain your consent prior to installing such cookies on your terminal equipment, and also when we access data stored on your equipment. Tracers are kept for a maximum of 13 months.     <\/p>\t\t\t\t\t\t\t\t<\/div>\n\t\t\t\t<\/div>\n\t\t\t\t\t<\/div>\n\t\t<\/div>\n\t\t\t\t\t<\/div>\n\t\t<\/section>\n\t\t\t\t<section data-particle_enable=\"false\" data-particle-mobile-disabled=\"false\" class=\"elementor-section elementor-top-section elementor-element elementor-element-d5d9410 elementor-section-boxed elementor-section-height-default elementor-section-height-default parallax_section_no qode_elementor_container_no qode-content-aligment-left\" data-id=\"d5d9410\" data-element_type=\"section\" data-e-type=\"section\">\n\t\t\t\t\t\t<div class=\"elementor-container elementor-column-gap-default\">\n\t\t\t\t\t<div class=\"elementor-column elementor-col-100 elementor-top-column elementor-element elementor-element-63be72e\" data-id=\"63be72e\" data-element_type=\"column\" data-e-type=\"column\">\n\t\t\t<div class=\"elementor-widget-wrap elementor-element-populated\">\n\t\t\t\t\t\t<div class=\"elementor-element elementor-element-3585f1f elementor-widget elementor-widget-spacer\" data-id=\"3585f1f\" data-element_type=\"widget\" data-e-type=\"widget\" data-widget_type=\"spacer.default\">\n\t\t\t\t<div class=\"elementor-widget-container\">\n\t\t\t\t\t\t\t<div class=\"elementor-spacer\">\n\t\t\t<div class=\"elementor-spacer-inner\"><\/div>\n\t\t<\/div>\n\t\t\t\t\t\t<\/div>\n\t\t\t\t<\/div>\n\t\t\t\t\t<\/div>\n\t\t<\/div>\n\t\t\t\t\t<\/div>\n\t\t<\/section>\n\t\t\t\t<\/div>\n\t\t","protected":false},"excerpt":{"rendered":"<p>GROUP BANQUE RICHELIEU Personal data protection charter Please read carefully the privacy policy of Group Banque Richelieu. Introduction The Group Banque Richelieu attaches the utmost importance to the protection of your personal data (hereinafter referred to as &#8220;personal data&#8221; or &#8220;data&#8221;).&nbsp; Your data will be&#8230;<\/p>\n","protected":false},"author":1,"featured_media":0,"parent":0,"menu_order":0,"comment_status":"closed","ping_status":"closed","template":"full_width.php","meta":{"footnotes":"","_links_to":"","_links_to_target":""},"class_list":["post-16079","page","type-page","status-publish","hentry"],"_links":{"self":[{"href":"https:\/\/banquerichelieu.com\/en\/wp-json\/wp\/v2\/pages\/16079","targetHints":{"allow":["GET"]}}],"collection":[{"href":"https:\/\/banquerichelieu.com\/en\/wp-json\/wp\/v2\/pages"}],"about":[{"href":"https:\/\/banquerichelieu.com\/en\/wp-json\/wp\/v2\/types\/page"}],"author":[{"embeddable":true,"href":"https:\/\/banquerichelieu.com\/en\/wp-json\/wp\/v2\/users\/1"}],"replies":[{"embeddable":true,"href":"https:\/\/banquerichelieu.com\/en\/wp-json\/wp\/v2\/comments?post=16079"}],"version-history":[{"count":14,"href":"https:\/\/banquerichelieu.com\/en\/wp-json\/wp\/v2\/pages\/16079\/revisions"}],"predecessor-version":[{"id":17844,"href":"https:\/\/banquerichelieu.com\/en\/wp-json\/wp\/v2\/pages\/16079\/revisions\/17844"}],"wp:attachment":[{"href":"https:\/\/banquerichelieu.com\/en\/wp-json\/wp\/v2\/media?parent=16079"}],"curies":[{"name":"wp","href":"https:\/\/api.w.org\/{rel}","templated":true}]}}